{"id":6906,"date":"2023-05-02T15:40:30","date_gmt":"2023-05-02T13:40:30","guid":{"rendered":"http:\/\/refugidelafeixa.com\/onsom\/"},"modified":"2023-05-17T18:21:18","modified_gmt":"2023-05-17T16:21:18","slug":"onsom","status":"publish","type":"page","link":"https:\/\/refugidelafeixa.com\/fr\/onsom\/","title":{"rendered":"Com arribar"},"content":{"rendered":"\t\t<div data-elementor-type=\"wp-page\" data-elementor-id=\"6906\" class=\"elementor elementor-6906 elementor-5895\">\n\t\t\t\t\t\t\t\t\t<section class=\"wavo-column-gap-default elementor-section elementor-top-section elementor-element elementor-element-3906a7bd elementor-section-full_width elementor-section-stretched elementor-section-height-default elementor-section-height-default\" data-id=\"3906a7bd\" data-element_type=\"section\" data-settings=\"{&quot;stretch_section&quot;:&quot;section-stretched&quot;,&quot;background_background&quot;:&quot;classic&quot;}\">\n\t\t\t\t\t\t\t<div class=\"elementor-background-overlay\"><\/div>\n\t\t\t\t\t\t\t<div class=\"elementor-container elementor-column-gap-default\">\n\t\t\t\t\t<div class=\"elementor-column elementor-col-100 elementor-top-column elementor-element elementor-element-32a7b278\" data-id=\"32a7b278\" data-element_type=\"column\">\n\t\t\t<div class=\"elementor-widget-wrap elementor-element-populated\">\n\t\t\t\t\t\t\t\t<div class=\"elementor-element elementor-element-3506e5fb marro elementor-widget elementor-widget-text-editor\" data-id=\"3506e5fb\" data-element_type=\"widget\" data-widget_type=\"text-editor.default\">\n\t\t\t\t<div class=\"elementor-widget-container\">\n\t\t\t<style>\/*! elementor - v3.13.3 - 28-05-2023 *\/\n.elementor-widget-text-editor.elementor-drop-cap-view-stacked .elementor-drop-cap{background-color:#69727d;color:#fff}.elementor-widget-text-editor.elementor-drop-cap-view-framed .elementor-drop-cap{color:#69727d;border:3px solid;background-color:transparent}.elementor-widget-text-editor:not(.elementor-drop-cap-view-default) .elementor-drop-cap{margin-top:8px}.elementor-widget-text-editor:not(.elementor-drop-cap-view-default) .elementor-drop-cap-letter{width:1em;height:1em}.elementor-widget-text-editor .elementor-drop-cap{float:left;text-align:center;line-height:1;font-size:50px}.elementor-widget-text-editor .elementor-drop-cap-letter{display:inline-block}<\/style>\t\t\t\tComment arriver\t\t\t\t\t\t<\/div>\n\t\t\t\t<\/div>\n\t\t\t\t\t<\/div>\n\t\t<\/div>\n\t\t\t\t\t\t\t<\/div>\n\t\t<\/section>\n\t\t\t\t<section class=\"wavo-column-gap-default elementor-section elementor-top-section elementor-element elementor-element-bb3194e elementor-section-boxed elementor-section-height-default elementor-section-height-default\" data-id=\"bb3194e\" data-element_type=\"section\">\n\t\t\t\t\t\t<div class=\"elementor-container elementor-column-gap-default\">\n\t\t\t\t\t<div class=\"elementor-column elementor-col-100 elementor-top-column elementor-element elementor-element-473972d\" data-id=\"473972d\" data-element_type=\"column\">\n\t\t\t<div class=\"elementor-widget-wrap elementor-element-populated\">\n\t\t\t\t\t\t\t\t<div class=\"elementor-element elementor-element-82f6934 elementor-view-default elementor-widget elementor-widget-icon\" data-id=\"82f6934\" data-element_type=\"widget\" data-widget_type=\"icon.default\">\n\t\t\t\t<div class=\"elementor-widget-container\">\n\t\t\t\t\t<div class=\"elementor-icon-wrapper\">\n\t\t\t<div class=\"elementor-icon\">\n\t\t\t<i aria-hidden=\"true\" class=\"fas fa-sun\"><\/i>\t\t\t<\/div>\n\t\t<\/div>\n\t\t\t\t<\/div>\n\t\t\t\t<\/div>\n\t\t\t\t<div class=\"elementor-element elementor-element-72dc30b elementor-widget elementor-widget-text-editor\" data-id=\"72dc30b\" data-element_type=\"widget\" data-widget_type=\"text-editor.default\">\n\t\t\t\t<div class=\"elementor-widget-container\">\n\t\t\t\t\t\t\t\t\t\t\t\t\t<\/div>\n\t\t\t\t<\/div>\n\t\t\t\t<div class=\"elementor-element elementor-element-6541dae elementor-widget elementor-widget-text-editor\" data-id=\"6541dae\" data-element_type=\"widget\" data-widget_type=\"text-editor.default\">\n\t\t\t\t<div class=\"elementor-widget-container\">\n\t\t\t\t\t\t\t\u00c9t\u00e9, printemps et automne\t\t\t\t\t\t<\/div>\n\t\t\t\t<\/div>\n\t\t\t\t<div class=\"elementor-element elementor-element-872eb35 elementor-widget elementor-widget-text-editor\" data-id=\"872eb35\" data-element_type=\"widget\" data-widget_type=\"text-editor.default\">\n\t\t\t\t<div class=\"elementor-widget-container\">\n\t\t\t\t\t\t\t<p style=\"margin: 0cm; line-height: 16.2pt;\"><span lang=\"CA\" style=\"font-size: 13.5pt;\">(d&#8217;avril\u00a0\u00e0\u00a0octobre\u00a0environ)<\/span><\/p>\t\t\t\t\t\t<\/div>\n\t\t\t\t<\/div>\n\t\t\t\t<div class=\"elementor-element elementor-element-d6c123e elementor-widget elementor-widget-text-editor\" data-id=\"d6c123e\" data-element_type=\"widget\" data-widget_type=\"text-editor.default\">\n\t\t\t\t<div class=\"elementor-widget-container\">\n\t\t\t\t\t\t\tEn voiture\t\t\t\t\t\t<\/div>\n\t\t\t\t<\/div>\n\t\t\t\t<div class=\"elementor-element elementor-element-dd558c6 elementor-widget elementor-widget-text-editor\" data-id=\"dd558c6\" data-element_type=\"widget\" data-widget_type=\"text-editor.default\">\n\t\t\t\t<div class=\"elementor-widget-container\">\n\t\t\t\t\t\t\tL&#8217;acc\u00e8s le plus simple se fait depuis la station de ski nordique de Guils-Fontanera. Une piste foresti\u00e8re adapt\u00e9eaux aux voitures particuli\u00e8res commence sur le parking qui m\u00e8ne devant le refuge.\n \nOn peut \u00e9galement y acc\u00e9der depuis Meranges, en laissant surla gauche la d\u00e9viation vers le refuge de Malniu, et en continuant le long de la piste foresti\u00e8re qui vous laisse devant le refuge.\n\t\t\t\t\t\t<\/div>\n\t\t\t\t<\/div>\n\t\t\t\t<div class=\"elementor-element elementor-element-87b9c80 elementor-widget elementor-widget-text-editor\" data-id=\"87b9c80\" data-element_type=\"widget\" data-widget_type=\"text-editor.default\">\n\t\t\t\t<div class=\"elementor-widget-container\">\n\t\t\t\t\t\t\t\u00c0 pieds\t\t\t\t\t\t<\/div>\n\t\t\t\t<\/div>\n\t\t\t\t<div class=\"elementor-element elementor-element-53b87eb elementor-widget elementor-widget-text-editor\" data-id=\"53b87eb\" data-element_type=\"widget\" data-widget_type=\"text-editor.default\">\n\t\t\t\t<div class=\"elementor-widget-container\">\n\t\t\t\t\t\t\t<p>Depuis le parking de la gare de Guils-Fontanera en suivant l&#8217;itin\u00e9raire du GR11 (marques de peinture rouge et blanche). 1 heure<\/p><p>Depuis le parking du refuge de Malniu. 1 heure<br \/>Par le chemin GR-11 qui va du Cap Creus \u00e0 Ir\u00fan. En Cerdagne, il passe par la gare de Puigcerd\u00e0, Saneja, Guils, La Feixa, Malniu, Engorgs et Andorre. Vous pouvez commencer votre visite \u00e0 n&#8217;importe lequel de ces points.<br \/><br \/>Depuis la vall\u00e9e : Puigcerd\u00e0, Ger, Meranges\u2026 (Consultez nos traces sur Wikiloc).<\/p>\t\t\t\t\t\t<\/div>\n\t\t\t\t<\/div>\n\t\t\t\t<div class=\"elementor-element elementor-element-9e8ea4e elementor-view-default elementor-widget elementor-widget-icon\" data-id=\"9e8ea4e\" data-element_type=\"widget\" data-widget_type=\"icon.default\">\n\t\t\t\t<div class=\"elementor-widget-container\">\n\t\t\t\t\t<div class=\"elementor-icon-wrapper\">\n\t\t\t<div class=\"elementor-icon\">\n\t\t\t<i aria-hidden=\"true\" class=\"far fa-snowflake\"><\/i>\t\t\t<\/div>\n\t\t<\/div>\n\t\t\t\t<\/div>\n\t\t\t\t<\/div>\n\t\t\t\t<div class=\"elementor-element elementor-element-68fb453 elementor-widget elementor-widget-text-editor\" data-id=\"68fb453\" data-element_type=\"widget\" data-widget_type=\"text-editor.default\">\n\t\t\t\t<div class=\"elementor-widget-container\">\n\t\t\t\t\t\t\t<p>Hiver<\/p>\t\t\t\t\t\t<\/div>\n\t\t\t\t<\/div>\n\t\t\t\t<div class=\"elementor-element elementor-element-346d569 elementor-widget elementor-widget-text-editor\" data-id=\"346d569\" data-element_type=\"widget\" data-widget_type=\"text-editor.default\">\n\t\t\t\t<div class=\"elementor-widget-container\">\n\t\t\t\t\t\t\t(de novembre \u00e0 avril environ)\t\t\t\t\t\t<\/div>\n\t\t\t\t<\/div>\n\t\t\t\t<div class=\"elementor-element elementor-element-3572811 elementor-widget elementor-widget-text-editor\" data-id=\"3572811\" data-element_type=\"widget\" data-widget_type=\"text-editor.default\">\n\t\t\t\t<div class=\"elementor-widget-container\">\n\t\t\t\t\t\t\tEn voiture\t\t\t\t\t\t<\/div>\n\t\t\t\t<\/div>\n\t\t\t\t<div class=\"elementor-element elementor-element-0d0d1eb elementor-widget elementor-widget-text-editor\" data-id=\"0d0d1eb\" data-element_type=\"widget\" data-widget_type=\"text-editor.default\">\n\t\t\t\t<div class=\"elementor-widget-container\">\n\t\t\t\t\t\t\tEn hiver la voie d&#8217;acc\u00e8s aux v\u00e9hicules est ferm\u00e9e \u00e0 hauteur du parking de l&#8217;estation Guils-Fontanera.\n \nL&#8217;acc\u00e8s depuis Meranges est ouvert, mais la plupart de l&#8217;hiver, il est inaccessible pour l&#8217;eneigement. Normalement, vous pouvez rejoindre le refuge de Malniu en voiture, mais il est n\u00e9cessaire de v\u00e9rifier l&#8217;\u00e9tat de la piste au pr\u00e9alable.\n\t\t\t\t\t\t<\/div>\n\t\t\t\t<\/div>\n\t\t\t\t<div class=\"elementor-element elementor-element-0752c12 elementor-widget elementor-widget-text-editor\" data-id=\"0752c12\" data-element_type=\"widget\" data-widget_type=\"text-editor.default\">\n\t\t\t\t<div class=\"elementor-widget-container\">\n\t\t\t\t\t\t\t\u00c0 pieds\t\t\t\t\t\t<\/div>\n\t\t\t\t<\/div>\n\t\t\t\t<div class=\"elementor-element elementor-element-b2587ed elementor-widget elementor-widget-text-editor\" data-id=\"b2587ed\" data-element_type=\"widget\" data-widget_type=\"text-editor.default\">\n\t\t\t\t<div class=\"elementor-widget-container\">\n\t\t\t\t\t\t\t<p>En cas de neige, l&#8217;acc\u00e8s le plus conseill\u00e9 est depuis la station de ski nordique de Guils-Fontanera par le GR-11 en skis rando ou raquettes (1h)<br \/>La piste de ski de fond &#8220;la Feixa&#8221; atteint presque le refuge (uniquement pour les skis fond).<\/p><p>Horaires d&#8217;acc\u00e8s au parking: de 9h \u00e0 17h En dehors de ces horaires il y a une barri\u00e8re ferm\u00e9e \u00e0 la hauteur de la commune de Guils. \u00c0 la station, vous devrez payer un forfait de 7 euros.<\/p><p><a href=\"https:\/\/ca.wikiloc.com\/rutes-raquetes-de-neu\/guils-fontanera-refugi-de-la-feixa-22194382\" target=\"_blank\" rel=\"noopener\">Acc\u00e8s piste depuis Guils Fontanera<\/a><\/p><p>Il est \u00e9galement accessible \u00e0 pied depuis la piste de Malniu ou depuis le refuge de Malniu (selon l&#8217;endroit o\u00f9 il est accessible en v\u00e9hicule).<\/p>\t\t\t\t\t\t<\/div>\n\t\t\t\t<\/div>\n\t\t\t\t\t<\/div>\n\t\t<\/div>\n\t\t\t\t\t\t\t<\/div>\n\t\t<\/section>\n\t\t\t\t<section class=\"wavo-column-gap-default elementor-section elementor-top-section elementor-element elementor-element-970443b elementor-section-full_width elementor-section-stretched elementor-section-height-default elementor-section-height-default\" data-id=\"970443b\" data-element_type=\"section\" data-settings=\"{&quot;stretch_section&quot;:&quot;section-stretched&quot;}\">\n\t\t\t\t\t\t<div class=\"elementor-container elementor-column-gap-default\">\n\t\t\t\t\t<div class=\"elementor-column elementor-col-100 elementor-top-column elementor-element elementor-element-8a70e39\" data-id=\"8a70e39\" data-element_type=\"column\">\n\t\t\t<div class=\"elementor-widget-wrap elementor-element-populated\">\n\t\t\t\t\t\t\t\t<div class=\"elementor-element elementor-element-3858510 elementor-widget elementor-widget-text-editor\" data-id=\"3858510\" data-element_type=\"widget\" data-widget_type=\"text-editor.default\">\n\t\t\t\t<div class=\"elementor-widget-container\">\n\t\t\t\t\t\t\t<iframe src=\"https:\/\/www.google.com\/maps\/embed?pb=!1m18!1m12!1m3!1d11773.192203004257!2d1.8053325541116887!3d42.46394927918!2m3!1f0!2f0!3f0!3m2!1i1024!2i768!4f13.1!3m3!1m2!1s0x12a581f399822421%3A0xfd9bbea303c54fe6!2sRefugi%20De%20La%20Feixa!5e0!3m2!1sen!2ses!4v1683035966294!5m2!1sen!2ses\" width=\"600\" height=\"450\" style=\"border:0;\" allowfullscreen=\"\" loading=\"lazy\" referrerpolicy=\"no-referrer-when-downgrade\"><\/iframe>\t\t\t\t\t\t<\/div>\n\t\t\t\t<\/div>\n\t\t\t\t\t<\/div>\n\t\t<\/div>\n\t\t\t\t\t\t\t<\/div>\n\t\t<\/section>\n\t\t\t\t\t\t\t<\/div>\n\t\t","protected":false},"excerpt":{"rendered":"<p>Comment arriver \u00c9t\u00e9, printemps et automne (d&#8217;avril\u00a0\u00e0\u00a0octobre\u00a0environ) En voitureL&#8217;acc\u00e8s le plus simple se fait depuis la station de ski nordique de Guils-Fontanera. Une piste foresti\u00e8re adapt\u00e9eaux aux voitures particuli\u00e8res commence sur le parking qui m\u00e8ne devant le refuge. On peut \u00e9galement y acc\u00e9der depuis Meranges, en laissant surla gauche la d\u00e9viation vers le refuge de&#8230;<\/p>\n","protected":false},"author":1,"featured_media":0,"parent":0,"menu_order":0,"comment_status":"closed","ping_status":"closed","template":"elementor_canvas","meta":{"footnotes":""},"class_list":{"0":"post-6906","1":"page","2":"type-page","3":"status-publish","4":"hentry","5":"nt-post-class","6":"","7":"thumb-none","9":"excerpt-none"},"_links":{"self":[{"href":"https:\/\/refugidelafeixa.com\/fr\/wp-json\/wp\/v2\/pages\/6906","targetHints":{"allow":["GET"]}}],"collection":[{"href":"https:\/\/refugidelafeixa.com\/fr\/wp-json\/wp\/v2\/pages"}],"about":[{"href":"https:\/\/refugidelafeixa.com\/fr\/wp-json\/wp\/v2\/types\/page"}],"author":[{"embeddable":true,"href":"https:\/\/refugidelafeixa.com\/fr\/wp-json\/wp\/v2\/users\/1"}],"replies":[{"embeddable":true,"href":"https:\/\/refugidelafeixa.com\/fr\/wp-json\/wp\/v2\/comments?post=6906"}],"version-history":[{"count":6,"href":"https:\/\/refugidelafeixa.com\/fr\/wp-json\/wp\/v2\/pages\/6906\/revisions"}],"predecessor-version":[{"id":7121,"href":"https:\/\/refugidelafeixa.com\/fr\/wp-json\/wp\/v2\/pages\/6906\/revisions\/7121"}],"wp:attachment":[{"href":"https:\/\/refugidelafeixa.com\/fr\/wp-json\/wp\/v2\/media?parent=6906"}],"curies":[{"name":"wp","href":"https:\/\/api.w.org\/{rel}","templated":true}]}}