{"id":6907,"date":"2023-05-02T15:40:30","date_gmt":"2023-05-02T13:40:30","guid":{"rendered":"http:\/\/refugidelafeixa.com\/onsom\/"},"modified":"2023-05-16T17:18:29","modified_gmt":"2023-05-16T15:18:29","slug":"onsom","status":"publish","type":"page","link":"https:\/\/refugidelafeixa.com\/es\/onsom\/","title":{"rendered":"Com arribar"},"content":{"rendered":"\t\t<div data-elementor-type=\"wp-page\" data-elementor-id=\"6907\" class=\"elementor elementor-6907 elementor-5895\">\n\t\t\t\t\t\t\t\t\t<section class=\"wavo-column-gap-default elementor-section elementor-top-section elementor-element elementor-element-3906a7bd elementor-section-full_width elementor-section-stretched elementor-section-height-default elementor-section-height-default\" data-id=\"3906a7bd\" data-element_type=\"section\" data-settings=\"{&quot;stretch_section&quot;:&quot;section-stretched&quot;,&quot;background_background&quot;:&quot;classic&quot;}\">\n\t\t\t\t\t\t\t<div class=\"elementor-background-overlay\"><\/div>\n\t\t\t\t\t\t\t<div class=\"elementor-container elementor-column-gap-default\">\n\t\t\t\t\t<div class=\"elementor-column elementor-col-100 elementor-top-column elementor-element elementor-element-32a7b278\" data-id=\"32a7b278\" data-element_type=\"column\">\n\t\t\t<div class=\"elementor-widget-wrap elementor-element-populated\">\n\t\t\t\t\t\t\t\t<div class=\"elementor-element elementor-element-3506e5fb marro elementor-widget elementor-widget-text-editor\" data-id=\"3506e5fb\" data-element_type=\"widget\" data-widget_type=\"text-editor.default\">\n\t\t\t\t<div class=\"elementor-widget-container\">\n\t\t\t<style>\/*! elementor - v3.13.3 - 28-05-2023 *\/\n.elementor-widget-text-editor.elementor-drop-cap-view-stacked .elementor-drop-cap{background-color:#69727d;color:#fff}.elementor-widget-text-editor.elementor-drop-cap-view-framed .elementor-drop-cap{color:#69727d;border:3px solid;background-color:transparent}.elementor-widget-text-editor:not(.elementor-drop-cap-view-default) .elementor-drop-cap{margin-top:8px}.elementor-widget-text-editor:not(.elementor-drop-cap-view-default) .elementor-drop-cap-letter{width:1em;height:1em}.elementor-widget-text-editor .elementor-drop-cap{float:left;text-align:center;line-height:1;font-size:50px}.elementor-widget-text-editor .elementor-drop-cap-letter{display:inline-block}<\/style>\t\t\t\t<p>Com arribar a la Feixa<\/p>\t\t\t\t\t\t<\/div>\n\t\t\t\t<\/div>\n\t\t\t\t\t<\/div>\n\t\t<\/div>\n\t\t\t\t\t\t\t<\/div>\n\t\t<\/section>\n\t\t\t\t<section class=\"wavo-column-gap-default elementor-section elementor-top-section elementor-element elementor-element-bb3194e elementor-section-boxed elementor-section-height-default elementor-section-height-default\" data-id=\"bb3194e\" data-element_type=\"section\">\n\t\t\t\t\t\t<div class=\"elementor-container elementor-column-gap-default\">\n\t\t\t\t\t<div class=\"elementor-column elementor-col-100 elementor-top-column elementor-element elementor-element-473972d\" data-id=\"473972d\" data-element_type=\"column\">\n\t\t\t<div class=\"elementor-widget-wrap elementor-element-populated\">\n\t\t\t\t\t\t\t\t<div class=\"elementor-element elementor-element-82f6934 elementor-view-default elementor-widget elementor-widget-icon\" data-id=\"82f6934\" data-element_type=\"widget\" data-widget_type=\"icon.default\">\n\t\t\t\t<div class=\"elementor-widget-container\">\n\t\t\t\t\t<div class=\"elementor-icon-wrapper\">\n\t\t\t<div class=\"elementor-icon\">\n\t\t\t<i aria-hidden=\"true\" class=\"fas fa-sun\"><\/i>\t\t\t<\/div>\n\t\t<\/div>\n\t\t\t\t<\/div>\n\t\t\t\t<\/div>\n\t\t\t\t<div class=\"elementor-element elementor-element-72dc30b elementor-widget elementor-widget-text-editor\" data-id=\"72dc30b\" data-element_type=\"widget\" data-widget_type=\"text-editor.default\">\n\t\t\t\t<div class=\"elementor-widget-container\">\n\t\t\t\t\t\t\t\t\t\t\t\t\t<\/div>\n\t\t\t\t<\/div>\n\t\t\t\t<div class=\"elementor-element elementor-element-6541dae elementor-widget elementor-widget-text-editor\" data-id=\"6541dae\" data-element_type=\"widget\" data-widget_type=\"text-editor.default\">\n\t\t\t\t<div class=\"elementor-widget-container\">\n\t\t\t\t\t\t\t<p>Verano, primavera y oto\u00f1o<\/p>\t\t\t\t\t\t<\/div>\n\t\t\t\t<\/div>\n\t\t\t\t<div class=\"elementor-element elementor-element-872eb35 elementor-widget elementor-widget-text-editor\" data-id=\"872eb35\" data-element_type=\"widget\" data-widget_type=\"text-editor.default\">\n\t\t\t\t<div class=\"elementor-widget-container\">\n\t\t\t\t\t\t\t<p>(de abril a octubre aproximadamente)<\/p>\t\t\t\t\t\t<\/div>\n\t\t\t\t<\/div>\n\t\t\t\t<div class=\"elementor-element elementor-element-d6c123e elementor-widget elementor-widget-text-editor\" data-id=\"d6c123e\" data-element_type=\"widget\" data-widget_type=\"text-editor.default\">\n\t\t\t\t<div class=\"elementor-widget-container\">\n\t\t\t\t\t\t\t<p>En coche<\/p>\t\t\t\t\t\t<\/div>\n\t\t\t\t<\/div>\n\t\t\t\t<div class=\"elementor-element elementor-element-dd558c6 elementor-widget elementor-widget-text-editor\" data-id=\"dd558c6\" data-element_type=\"widget\" data-widget_type=\"text-editor.default\">\n\t\t\t\t<div class=\"elementor-widget-container\">\n\t\t\t\t\t\t\t<p>El acceso m\u00e1s c\u00f3modo es desde la estaci\u00f3n de esqu\u00ed n\u00f3rdico de Guils-Fontanera. En el aparcamiento comienza una pista forestal apta para turismos que llega hasta el refugio de la Feixa.\u00a0<br \/><br \/>Tambi\u00e9n se puede acceder desde Meranges, dejando el desv\u00edo del refugio de Malniu a la izquierda, continuando por la pista forestal que te deja en el Pla de la Feixa<\/p>\t\t\t\t\t\t<\/div>\n\t\t\t\t<\/div>\n\t\t\t\t<div class=\"elementor-element elementor-element-87b9c80 elementor-widget elementor-widget-text-editor\" data-id=\"87b9c80\" data-element_type=\"widget\" data-widget_type=\"text-editor.default\">\n\t\t\t\t<div class=\"elementor-widget-container\">\n\t\t\t\t\t\t\t<p>A pie<\/p>\t\t\t\t\t\t<\/div>\n\t\t\t\t<\/div>\n\t\t\t\t<div class=\"elementor-element elementor-element-53b87eb elementor-widget elementor-widget-text-editor\" data-id=\"53b87eb\" data-element_type=\"widget\" data-widget_type=\"text-editor.default\">\n\t\t\t\t<div class=\"elementor-widget-container\">\n\t\t\t\t\t\t\t<p>Desde el aparcamiento de la estaci\u00f3n de Guils-Fontanera siguiendo el itinerario GR11 (marcas de pintura roja y blanca). 1 hora\u00a0<\/p><p>Desde el aparcamiento del refugio de Malniu. 1 horaA trav\u00e9s del sendero GR-11 que va desde el cabo de Creus hasta Ir\u00fan. En la Cerdanya pasa por la estaci\u00f3n de tren de Puigcerd\u00e0, Saneja, Guils, La Feixa, Malniu, Engorgs y Andorra. Pod\u00e9is iniciar su recorrido en cualquiera de estos puntos.\u00a0<\/p><p>Desde el valle: Puigcerd\u00e0, Ger, Meranges\u2026 (<a href=\"https:\/\/ca.wikiloc.com\/wikiloc\/user.do?id=3644258\" target=\"_blank\" rel=\"noopener\">Consultad nuestros tracks en Wikiloc<\/a>).<\/p>\t\t\t\t\t\t<\/div>\n\t\t\t\t<\/div>\n\t\t\t\t<div class=\"elementor-element elementor-element-9e8ea4e elementor-view-default elementor-widget elementor-widget-icon\" data-id=\"9e8ea4e\" data-element_type=\"widget\" data-widget_type=\"icon.default\">\n\t\t\t\t<div class=\"elementor-widget-container\">\n\t\t\t\t\t<div class=\"elementor-icon-wrapper\">\n\t\t\t<div class=\"elementor-icon\">\n\t\t\t<i aria-hidden=\"true\" class=\"far fa-snowflake\"><\/i>\t\t\t<\/div>\n\t\t<\/div>\n\t\t\t\t<\/div>\n\t\t\t\t<\/div>\n\t\t\t\t<div class=\"elementor-element elementor-element-68fb453 elementor-widget elementor-widget-text-editor\" data-id=\"68fb453\" data-element_type=\"widget\" data-widget_type=\"text-editor.default\">\n\t\t\t\t<div class=\"elementor-widget-container\">\n\t\t\t\t\t\t\t<p>Invierno<\/p>\t\t\t\t\t\t<\/div>\n\t\t\t\t<\/div>\n\t\t\t\t<div class=\"elementor-element elementor-element-346d569 elementor-widget elementor-widget-text-editor\" data-id=\"346d569\" data-element_type=\"widget\" data-widget_type=\"text-editor.default\">\n\t\t\t\t<div class=\"elementor-widget-container\">\n\t\t\t\t\t\t\t<p>\u00a0(de noviembre a abril aproximadamente)<\/p>\t\t\t\t\t\t<\/div>\n\t\t\t\t<\/div>\n\t\t\t\t<div class=\"elementor-element elementor-element-3572811 elementor-widget elementor-widget-text-editor\" data-id=\"3572811\" data-element_type=\"widget\" data-widget_type=\"text-editor.default\">\n\t\t\t\t<div class=\"elementor-widget-container\">\n\t\t\t\t\t\t\t<p>En coche<\/p>\t\t\t\t\t\t<\/div>\n\t\t\t\t<\/div>\n\t\t\t\t<div class=\"elementor-element elementor-element-0d0d1eb elementor-widget elementor-widget-text-editor\" data-id=\"0d0d1eb\" data-element_type=\"widget\" data-widget_type=\"text-editor.default\">\n\t\t\t\t<div class=\"elementor-widget-container\">\n\t\t\t\t\t\t\t<p>En invierno la pista de acceso en veh\u00edculo est\u00e1 cerrada a la altura de la estaci\u00f3n de Guils-Fontanera.\u00a0<br \/><br \/>El acceso por Meranges est\u00e1 abierto, pero la mayor\u00eda de invierno est\u00e1 inaccesible por la nieve. Normalmente se puede llegar en coche hasta la altura del refugio de Malniu, pero es necesario consultar el estado de la pista antes.<\/p>\t\t\t\t\t\t<\/div>\n\t\t\t\t<\/div>\n\t\t\t\t<div class=\"elementor-element elementor-element-0752c12 elementor-widget elementor-widget-text-editor\" data-id=\"0752c12\" data-element_type=\"widget\" data-widget_type=\"text-editor.default\">\n\t\t\t\t<div class=\"elementor-widget-container\">\n\t\t\t\t\t\t\t<p>A pie<\/p>\t\t\t\t\t\t<\/div>\n\t\t\t\t<\/div>\n\t\t\t\t<div class=\"elementor-element elementor-element-b2587ed elementor-widget elementor-widget-text-editor\" data-id=\"b2587ed\" data-element_type=\"widget\" data-widget_type=\"text-editor.default\">\n\t\t\t\t<div class=\"elementor-widget-container\">\n\t\t\t\t\t\t\t<p>Si hay nieve el acceso m\u00e1s recomendado es desde la estaci\u00f3n de esqu\u00ed n\u00f3rdico de Guils-Fontanera por el GR-11 con esqu\u00eds o raquetas (1 h)<br \/>La pista de esqu\u00ed de fondo de la Feixa llega casi hasta el refugio (s\u00f3lo para esqu\u00eds).\u00a0<br \/><br \/>Horarios acceso a la estaci\u00f3n: de 9 a 17 h. Fuera de este horario hay barrera cerrada a la altura del pueblo de Guils. En la estaci\u00f3n hay que pagar Forfait de 7 euros.<\/p><p><a href=\"https:\/\/ca.wikiloc.com\/rutes-raquetes-de-neu\/guils-fontanera-refugi-de-la-feixa-22194382\" target=\"_blank\" rel=\"noopener\">Track acceso des de Guils Fontanera<\/a><\/p><p>Tambi\u00e9n se puede acceder andando desde la pista de Malniu o desde el refugio de Malniu (seg\u00fan d\u00f3nde se pueda llegar en veh\u00edculo).<\/p>\t\t\t\t\t\t<\/div>\n\t\t\t\t<\/div>\n\t\t\t\t\t<\/div>\n\t\t<\/div>\n\t\t\t\t\t\t\t<\/div>\n\t\t<\/section>\n\t\t\t\t<section class=\"wavo-column-gap-default elementor-section elementor-top-section elementor-element elementor-element-970443b elementor-section-full_width elementor-section-stretched elementor-section-height-default elementor-section-height-default\" data-id=\"970443b\" data-element_type=\"section\" data-settings=\"{&quot;stretch_section&quot;:&quot;section-stretched&quot;}\">\n\t\t\t\t\t\t<div class=\"elementor-container elementor-column-gap-default\">\n\t\t\t\t\t<div class=\"elementor-column elementor-col-100 elementor-top-column elementor-element elementor-element-8a70e39\" data-id=\"8a70e39\" data-element_type=\"column\">\n\t\t\t<div class=\"elementor-widget-wrap elementor-element-populated\">\n\t\t\t\t\t\t\t\t<div class=\"elementor-element elementor-element-3858510 elementor-widget elementor-widget-text-editor\" data-id=\"3858510\" data-element_type=\"widget\" data-widget_type=\"text-editor.default\">\n\t\t\t\t<div class=\"elementor-widget-container\">\n\t\t\t\t\t\t\t<iframe src=\"https:\/\/www.google.com\/maps\/embed?pb=!1m18!1m12!1m3!1d11773.192203004257!2d1.8053325541116887!3d42.46394927918!2m3!1f0!2f0!3f0!3m2!1i1024!2i768!4f13.1!3m3!1m2!1s0x12a581f399822421%3A0xfd9bbea303c54fe6!2sRefugi%20De%20La%20Feixa!5e0!3m2!1sen!2ses!4v1683035966294!5m2!1sen!2ses\" width=\"600\" height=\"450\" style=\"border:0;\" allowfullscreen=\"\" loading=\"lazy\" referrerpolicy=\"no-referrer-when-downgrade\"><\/iframe>\t\t\t\t\t\t<\/div>\n\t\t\t\t<\/div>\n\t\t\t\t\t<\/div>\n\t\t<\/div>\n\t\t\t\t\t\t\t<\/div>\n\t\t<\/section>\n\t\t\t\t\t\t\t<\/div>\n\t\t","protected":false},"excerpt":{"rendered":"<p>Com arribar a la Feixa Verano, primavera y oto\u00f1o (de abril a octubre aproximadamente) En coche El acceso m\u00e1s c\u00f3modo es desde la estaci\u00f3n de esqu\u00ed n\u00f3rdico de Guils-Fontanera. En el aparcamiento comienza una pista forestal apta para turismos que llega hasta el refugio de la Feixa.\u00a0 Tambi\u00e9n se puede acceder desde Meranges, dejando el&#8230;<\/p>\n","protected":false},"author":1,"featured_media":0,"parent":0,"menu_order":0,"comment_status":"closed","ping_status":"closed","template":"elementor_canvas","meta":{"footnotes":""},"class_list":{"0":"post-6907","1":"page","2":"type-page","3":"status-publish","4":"hentry","5":"nt-post-class","6":"","7":"thumb-none","9":"excerpt-none"},"_links":{"self":[{"href":"https:\/\/refugidelafeixa.com\/es\/wp-json\/wp\/v2\/pages\/6907","targetHints":{"allow":["GET"]}}],"collection":[{"href":"https:\/\/refugidelafeixa.com\/es\/wp-json\/wp\/v2\/pages"}],"about":[{"href":"https:\/\/refugidelafeixa.com\/es\/wp-json\/wp\/v2\/types\/page"}],"author":[{"embeddable":true,"href":"https:\/\/refugidelafeixa.com\/es\/wp-json\/wp\/v2\/users\/1"}],"replies":[{"embeddable":true,"href":"https:\/\/refugidelafeixa.com\/es\/wp-json\/wp\/v2\/comments?post=6907"}],"version-history":[{"count":6,"href":"https:\/\/refugidelafeixa.com\/es\/wp-json\/wp\/v2\/pages\/6907\/revisions"}],"predecessor-version":[{"id":7018,"href":"https:\/\/refugidelafeixa.com\/es\/wp-json\/wp\/v2\/pages\/6907\/revisions\/7018"}],"wp:attachment":[{"href":"https:\/\/refugidelafeixa.com\/es\/wp-json\/wp\/v2\/media?parent=6907"}],"curies":[{"name":"wp","href":"https:\/\/api.w.org\/{rel}","templated":true}]}}