{"id":6908,"date":"2023-05-02T15:29:25","date_gmt":"2023-05-02T13:29:25","guid":{"rendered":"http:\/\/refugidelafeixa.com\/cookies\/"},"modified":"2023-05-18T11:28:46","modified_gmt":"2023-05-18T09:28:46","slug":"cookies","status":"publish","type":"page","link":"https:\/\/refugidelafeixa.com\/en\/cookies\/","title":{"rendered":"Cookies"},"content":{"rendered":"\t\t<div data-elementor-type=\"wp-page\" data-elementor-id=\"6908\" class=\"elementor elementor-6908 elementor-5865\">\n\t\t\t\t\t\t\t\t\t<section class=\"wavo-column-gap-default elementor-section elementor-top-section elementor-element elementor-element-7e44cb3 elementor-section-boxed elementor-section-height-default elementor-section-height-default\" data-id=\"7e44cb3\" data-element_type=\"section\">\n\t\t\t\t\t\t<div class=\"elementor-container elementor-column-gap-default\">\n\t\t\t\t\t<div class=\"elementor-column elementor-col-100 elementor-top-column elementor-element elementor-element-c135da6\" data-id=\"c135da6\" data-element_type=\"column\">\n\t\t\t<div class=\"elementor-widget-wrap elementor-element-populated\">\n\t\t\t\t\t\t\t\t<div class=\"elementor-element elementor-element-b290e5b elementor-widget elementor-widget-text-editor\" data-id=\"b290e5b\" data-element_type=\"widget\" data-widget_type=\"text-editor.default\">\n\t\t\t\t<div class=\"elementor-widget-container\">\n\t\t\t<style>\/*! elementor - v3.13.3 - 28-05-2023 *\/\n.elementor-widget-text-editor.elementor-drop-cap-view-stacked .elementor-drop-cap{background-color:#69727d;color:#fff}.elementor-widget-text-editor.elementor-drop-cap-view-framed .elementor-drop-cap{color:#69727d;border:3px solid;background-color:transparent}.elementor-widget-text-editor:not(.elementor-drop-cap-view-default) .elementor-drop-cap{margin-top:8px}.elementor-widget-text-editor:not(.elementor-drop-cap-view-default) .elementor-drop-cap-letter{width:1em;height:1em}.elementor-widget-text-editor .elementor-drop-cap{float:left;text-align:center;line-height:1;font-size:50px}.elementor-widget-text-editor .elementor-drop-cap-letter{display:inline-block}<\/style>\t\t\t\t<p><strong>Pol\u00edtica de Cookies<\/strong><br \/>Les cookies s\u00f3n un element b\u00e0sic pel funcionament de la xarxa, al llarg d&#8217;aquests \u00faltims anys ens han facilitat la feina i aportat beneficis a l&#8217;hora de prestar serveis online. Per contra, \u00faltimament s&#8217;ha disparat un cert temor social que les cookies puguin suposar un problema pel que fa a la privacitat de dades del propi usuari. Amb aquest document, volem fer-vos entendre, com afecten les cookies a la vostra privacitat.<\/p>\n<p><strong>Qu\u00e8 s\u00f3n les cookies?<\/strong><br \/>Les cookies s\u00f3n petits arxius que contenen diferents n\u00fameros i lletres i que s&#8217;utilitzen per tal de poder distingir a un usuari que interactua amb la nostra web d&#8217;un altre i que tamb\u00e9 permeten la continu\u00eftat de la informaci\u00f3 entre diferents p\u00e0gines d&#8217;una mateixa web.<\/p>\n<p><strong>Per qu\u00e8 fem servir cookies?<\/strong><br \/>B\u00e0sicament, utilitzem les cookies per poder oferir una millor experi\u00e8ncia d&#8217;usuari als nostres visitants. Aix\u00f2 ho aconseguim obtenint informaci\u00f3, per exemple, de la ruta que segueixen els nostres usuaris dins la nostra web o des d&#8217;on han arribat al nostre lloc. Amb aix\u00f2 millorem l&#8217;acc\u00e9s al nostre lloc web i per tant l&#8217;experi\u00e8ncia que l&#8217;usuari t\u00e9 navegant per ell. Cal recordar que per aix\u00f2 no necessitem cap tipus d&#8217;informaci\u00f3 personal o privada de l&#8217;usuari.<\/p>\n<p>Si vost\u00e8 continua utilizant el nostre lloc web despr\u00e9s d&#8217;haver rebut el missatge relatiu al \u00fas de les cookies, entenem que est\u00e0 d&#8217;acord amb l&#8217;\u00fas que li donarem de la forma descrita en aquesta pol\u00edtica. Si decideix no acceptar les nostres cookies, pot configurar el seu navegador per ser avisat per pantalla de la recepci\u00f3 de cookies i per impedir la instalaci\u00f3 de cookies al seu disc dur. Per prohibir la instalaci\u00f3 de les mateixes, ha de seguir les instruccions corresponents al seu navegador:<\/p>\n<p>\u2022 Firefox: https:\/\/support.mozilla.org\/ca\/kb\/activa-i-desactiva-les-galetes-que-les-pagines-web<br \/>\u2022 Chrome: http:\/\/support.google.com\/chrome\/bin\/answer.py?hl=es&amp;answer=95647<br \/>\u2022 Explorer: http:\/\/windows.microsoft.com\/es-es\/windows7\/how-to-manage-cookies-in-internet-explorer-9 <br \/>\u2022 Safari: http:\/\/support.apple.com\/kb\/ph5042 Si utilitza un altre navegador, pot obtenir m\u00e9s informaci\u00f3 sobre com configurar la instal\u2022laci\u00f3 de de les cookies a trav\u00e9s de la secci\u00f3 d&#8217;ajuda o assist\u00e8ncia del navegador en q\u00fcesti\u00f3. Si decideix no acceptar les nostres cookies, podr\u00e0 continuar utilitzar el nostre web de forma habitual, tot i que \u00e9s possible que la seva experi\u00e8ncia d&#8217;usuari es vegi perjudicada.<\/p>\n<p>Les cookies s&#8217;utilitzen amb la seg\u00fcent finalitat:<br \/>\u2022 __utma, __utmb, __utmc, __utmz: An\u00e0lisi estad\u00edstic de la web amb Google Analytics. La normativa sobre les cookies est\u00e0 en constant evoluci\u00f3, pel que per a adaptar-se a les noves tecnologies o, incl\u00fas, per a futurs canvis normatius li recomanem que revisi les nostres condicions legals peri\u00f2dicament per a con\u00e8ixer la versi\u00f3 aplicable a cada moment.<\/p>\n\t\t\t\t\t\t<\/div>\n\t\t\t\t<\/div>\n\t\t\t\t\t<\/div>\n\t\t<\/div>\n\t\t\t\t\t\t\t<\/div>\n\t\t<\/section>\n\t\t\t\t\t\t\t<\/div>\n\t\t","protected":false},"excerpt":{"rendered":"<p>Pol\u00edtica de CookiesLes cookies s\u00f3n un element b\u00e0sic pel funcionament de la xarxa, al llarg d&#8217;aquests \u00faltims anys ens han facilitat la feina i aportat beneficis a l&#8217;hora de prestar serveis online. Per contra, \u00faltimament s&#8217;ha disparat un cert temor social que les cookies puguin suposar un problema pel que fa a la privacitat de&#8230;<\/p>\n","protected":false},"author":1,"featured_media":6624,"parent":0,"menu_order":0,"comment_status":"closed","ping_status":"closed","template":"elementor_theme","meta":{"footnotes":""},"class_list":{"0":"post-6908","1":"page","2":"type-page","3":"status-publish","4":"has-post-thumbnail","5":"hentry","6":"nt-post-class","7":"","10":"excerpt-none"},"_links":{"self":[{"href":"https:\/\/refugidelafeixa.com\/en\/wp-json\/wp\/v2\/pages\/6908","targetHints":{"allow":["GET"]}}],"collection":[{"href":"https:\/\/refugidelafeixa.com\/en\/wp-json\/wp\/v2\/pages"}],"about":[{"href":"https:\/\/refugidelafeixa.com\/en\/wp-json\/wp\/v2\/types\/page"}],"author":[{"embeddable":true,"href":"https:\/\/refugidelafeixa.com\/en\/wp-json\/wp\/v2\/users\/1"}],"replies":[{"embeddable":true,"href":"https:\/\/refugidelafeixa.com\/en\/wp-json\/wp\/v2\/comments?post=6908"}],"version-history":[{"count":1,"href":"https:\/\/refugidelafeixa.com\/en\/wp-json\/wp\/v2\/pages\/6908\/revisions"}],"predecessor-version":[{"id":7180,"href":"https:\/\/refugidelafeixa.com\/en\/wp-json\/wp\/v2\/pages\/6908\/revisions\/7180"}],"wp:featuredmedia":[{"embeddable":true,"href":"https:\/\/refugidelafeixa.com\/en\/wp-json\/wp\/v2\/media\/6624"}],"wp:attachment":[{"href":"https:\/\/refugidelafeixa.com\/en\/wp-json\/wp\/v2\/media?parent=6908"}],"curies":[{"name":"wp","href":"https:\/\/api.w.org\/{rel}","templated":true}]}}